{"id":24273,"date":"2014-10-27T20:05:18","date_gmt":"2014-10-27T20:05:18","guid":{"rendered":"https:\/\/www.white-studio.ch\/contact-us\/"},"modified":"2024-05-07T09:08:52","modified_gmt":"2024-05-07T09:08:52","slug":"kontakte","status":"publish","type":"page","link":"https:\/\/www.white-studio.ch\/de\/kontakte\/","title":{"rendered":"Kontakte"},"content":{"rendered":"<p>[vc_row row_type=&#8220;row&#8220; use_row_as_full_screen_section=&#8220;no&#8220; type=&#8220;full_width&#8220; text_align=&#8220;left&#8220; background_animation=&#8220;none&#8220; css_animation=&#8220;&#8220;][vc_column][vc_separator type=&#8220;normal&#8220; border_style=&#8220;&#8220; up=&#8220;20&#8243; down=&#8220;20&#8243;][vc_column_text]<\/p>\n<h4>F\u00fcllen Sie das Formular aus, um weitere Informationen zu erhalten.<br \/>\nWir melden uns gerne so schnell wie m\u00f6glich bei Ihnen.<\/h4>\n<p>[\/vc_column_text][vc_separator type=&#8220;normal&#8220; border_style=&#8220;&#8220;][vc_separator type=&#8220;normal&#8220; border_style=&#8220;&#8220; up=&#8220;20&#8243; down=&#8220;20&#8243;][\/vc_column][\/vc_row][vc_row row_type=&#8220;row&#8220; use_row_as_full_screen_section=&#8220;no&#8220; type=&#8220;full_width&#8220; text_align=&#8220;left&#8220; background_animation=&#8220;none&#8220; css_animation=&#8220;&#8220;][vc_column]\n<div class=\"wpcf7 no-js\" id=\"wpcf7-f24276-o1\" lang=\"de-DE\" dir=\"ltr\">\n<div class=\"screen-reader-response\"><p role=\"status\" aria-live=\"polite\" aria-atomic=\"true\"><\/p> <ul><\/ul><\/div>\n<form action=\"\/de\/wp-json\/wp\/v2\/pages\/24273#wpcf7-f24276-o1\" method=\"post\" class=\"wpcf7-form init default\" aria-label=\"Kontaktformular\" novalidate=\"novalidate\" data-status=\"init\">\n<div style=\"display: none;\">\n<input type=\"hidden\" name=\"_wpcf7\" value=\"24276\" \/>\n<input type=\"hidden\" name=\"_wpcf7_version\" value=\"5.9.3\" \/>\n<input type=\"hidden\" name=\"_wpcf7_locale\" value=\"de_DE\" \/>\n<input type=\"hidden\" name=\"_wpcf7_unit_tag\" value=\"wpcf7-f24276-o1\" \/>\n<input type=\"hidden\" name=\"_wpcf7_container_post\" value=\"0\" \/>\n<input type=\"hidden\" name=\"_wpcf7_posted_data_hash\" value=\"\" \/>\n<\/div>\n<p>Ihr Name (erforderlich)\n<\/p>\n<p><span class=\"wpcf7-form-control-wrap\" data-name=\"your-name\"><input size=\"40\" class=\"wpcf7-form-control wpcf7-text wpcf7-validates-as-required\" aria-required=\"true\" aria-invalid=\"false\" value=\"\" type=\"text\" name=\"your-name\" \/><\/span>\n<\/p>\n<p>Ihre E-Mail-Adresse (erforderlich)\n<\/p>\n<p><span class=\"wpcf7-form-control-wrap\" data-name=\"your-email\"><input size=\"40\" class=\"wpcf7-form-control wpcf7-email wpcf7-validates-as-required wpcf7-text wpcf7-validates-as-email\" aria-required=\"true\" aria-invalid=\"false\" value=\"\" type=\"email\" name=\"your-email\" \/><\/span>\n<\/p>\n<p>Objekt\n<\/p>\n<p><span class=\"wpcf7-form-control-wrap\" data-name=\"your-subject\"><input size=\"40\" class=\"wpcf7-form-control wpcf7-text\" aria-invalid=\"false\" value=\"\" type=\"text\" name=\"your-subject\" \/><\/span>\n<\/p>\n<p>Ihre Nachricht\n<\/p>\n<p><span class=\"wpcf7-form-control-wrap\" data-name=\"your-message\"><textarea cols=\"40\" rows=\"10\" class=\"wpcf7-form-control wpcf7-textarea\" aria-invalid=\"false\" name=\"your-message\"><\/textarea><\/span>\n<\/p>\n<p>Verarbeitung der pers\u00f6nlichen Daten<br \/>\n<input type=\"checkbox\" name=\"mc4wp-subscribe\" value=\"1\" required \/> Ich erkl\u00e4re mich damit einverstanden, die angeforderten Daten, die gem\u00e4ss der Datenschutzrichtlinie von White Studio verarbeitet werden, f\u00fcr die erforderliche Zeit und f\u00fcr den alleinigen Zweck der Beantwortung der Kontaktanfrage per E-Mail zur Verf\u00fcgung zu verwenden.\n<\/p>\n<p><input class=\"wpcf7-form-control wpcf7-submit has-spinner\" type=\"submit\" value=\"Invia\" \/>\n<\/p><div class=\"wpcf7-response-output\" aria-hidden=\"true\"><\/div>\n<\/form>\n<\/div>\n[\/vc_column][\/vc_row]<\/p>\n","protected":false},"excerpt":{"rendered":"<p>[vc_row row_type=&#8220;row&#8220; use_row_as_full_screen_section=&#8220;no&#8220; type=&#8220;full_width&#8220; text_align=&#8220;left&#8220; background_animation=&#8220;none&#8220; css_animation=&#8220;&#8220;][vc_column][vc_separator type=&#8220;normal&#8220; border_style=&#8220;&#8220; up=&#8220;20&#8243; down=&#8220;20&#8243;][vc_column_text] F\u00fcllen Sie das Formular aus, um weitere Informationen zu erhalten. Wir melden uns gerne&#8230;<\/p>\n","protected":false},"author":1,"featured_media":0,"parent":0,"menu_order":0,"comment_status":"open","ping_status":"open","template":"","meta":{"footnotes":""},"yoast_head":"<!-- This site is optimized with the Yoast SEO plugin v22.6 - https:\/\/yoast.com\/wordpress\/plugins\/seo\/ -->\n<title>Kontakte - WHITE STUDIO | Food Branding Strategy<\/title>\n<meta name=\"robots\" content=\"index, follow, max-snippet:-1, max-image-preview:large, max-video-preview:-1\" \/>\n<link rel=\"canonical\" href=\"https:\/\/www.white-studio.ch\/de\/kontakte\/\" \/>\n<meta property=\"og:locale\" content=\"de_DE\" \/>\n<meta property=\"og:type\" content=\"article\" \/>\n<meta property=\"og:title\" content=\"Kontakte - WHITE STUDIO | Food Branding Strategy\" \/>\n<meta property=\"og:description\" content=\"[vc_row row_type=&#8220;row&#8220; use_row_as_full_screen_section=&#8220;no&#8220; type=&#8220;full_width&#8220; text_align=&#8220;left&#8220; background_animation=&#8220;none&#8220; css_animation=&#8220;&#8220;][vc_column][vc_separator type=&#8220;normal&#8220; border_style=&#8220;&#8220; up=&#8220;20&#8243; down=&#8220;20&#8243;][vc_column_text] F\u00fcllen Sie das Formular aus, um weitere Informationen zu erhalten. Wir melden uns gerne...\" \/>\n<meta property=\"og:url\" content=\"https:\/\/www.white-studio.ch\/de\/kontakte\/\" \/>\n<meta property=\"og:site_name\" content=\"WHITE STUDIO | Food Branding Strategy\" \/>\n<meta property=\"article:modified_time\" content=\"2024-05-07T09:08:52+00:00\" \/>\n<meta name=\"twitter:card\" content=\"summary_large_image\" \/>\n<meta name=\"twitter:label1\" content=\"Gesch\u00e4tzte Lesezeit\" \/>\n\t<meta name=\"twitter:data1\" content=\"1\u00a0Minute\" \/>\n<script type=\"application\/ld+json\" class=\"yoast-schema-graph\">{\"@context\":\"https:\/\/schema.org\",\"@graph\":[{\"@type\":\"WebPage\",\"@id\":\"https:\/\/www.white-studio.ch\/de\/kontakte\/\",\"url\":\"https:\/\/www.white-studio.ch\/de\/kontakte\/\",\"name\":\"Kontakte - WHITE STUDIO | Food Branding Strategy\",\"isPartOf\":{\"@id\":\"https:\/\/www.white-studio.ch\/de\/#website\"},\"datePublished\":\"2014-10-27T20:05:18+00:00\",\"dateModified\":\"2024-05-07T09:08:52+00:00\",\"breadcrumb\":{\"@id\":\"https:\/\/www.white-studio.ch\/de\/kontakte\/#breadcrumb\"},\"inLanguage\":\"de\",\"potentialAction\":[{\"@type\":\"ReadAction\",\"target\":[\"https:\/\/www.white-studio.ch\/de\/kontakte\/\"]}]},{\"@type\":\"BreadcrumbList\",\"@id\":\"https:\/\/www.white-studio.ch\/de\/kontakte\/#breadcrumb\",\"itemListElement\":[{\"@type\":\"ListItem\",\"position\":1,\"name\":\"Home\",\"item\":\"https:\/\/www.white-studio.ch\/de\/\"},{\"@type\":\"ListItem\",\"position\":2,\"name\":\"Kontakte\"}]},{\"@type\":\"WebSite\",\"@id\":\"https:\/\/www.white-studio.ch\/de\/#website\",\"url\":\"https:\/\/www.white-studio.ch\/de\/\",\"name\":\"WHITE STUDIO | Food Branding Strategy\",\"description\":\"\",\"potentialAction\":[{\"@type\":\"SearchAction\",\"target\":{\"@type\":\"EntryPoint\",\"urlTemplate\":\"https:\/\/www.white-studio.ch\/de\/?s={search_term_string}\"},\"query-input\":\"required name=search_term_string\"}],\"inLanguage\":\"de\"}]}<\/script>\n<!-- \/ Yoast SEO plugin. -->","yoast_head_json":{"title":"Kontakte - WHITE STUDIO | Food Branding Strategy","robots":{"index":"index","follow":"follow","max-snippet":"max-snippet:-1","max-image-preview":"max-image-preview:large","max-video-preview":"max-video-preview:-1"},"canonical":"https:\/\/www.white-studio.ch\/de\/kontakte\/","og_locale":"de_DE","og_type":"article","og_title":"Kontakte - WHITE STUDIO | Food Branding Strategy","og_description":"[vc_row row_type=&#8220;row&#8220; use_row_as_full_screen_section=&#8220;no&#8220; type=&#8220;full_width&#8220; text_align=&#8220;left&#8220; background_animation=&#8220;none&#8220; css_animation=&#8220;&#8220;][vc_column][vc_separator type=&#8220;normal&#8220; border_style=&#8220;&#8220; up=&#8220;20&#8243; down=&#8220;20&#8243;][vc_column_text] F\u00fcllen Sie das Formular aus, um weitere Informationen zu erhalten. Wir melden uns gerne...","og_url":"https:\/\/www.white-studio.ch\/de\/kontakte\/","og_site_name":"WHITE STUDIO | Food Branding Strategy","article_modified_time":"2024-05-07T09:08:52+00:00","twitter_card":"summary_large_image","twitter_misc":{"Gesch\u00e4tzte Lesezeit":"1\u00a0Minute"},"schema":{"@context":"https:\/\/schema.org","@graph":[{"@type":"WebPage","@id":"https:\/\/www.white-studio.ch\/de\/kontakte\/","url":"https:\/\/www.white-studio.ch\/de\/kontakte\/","name":"Kontakte - WHITE STUDIO | Food Branding Strategy","isPartOf":{"@id":"https:\/\/www.white-studio.ch\/de\/#website"},"datePublished":"2014-10-27T20:05:18+00:00","dateModified":"2024-05-07T09:08:52+00:00","breadcrumb":{"@id":"https:\/\/www.white-studio.ch\/de\/kontakte\/#breadcrumb"},"inLanguage":"de","potentialAction":[{"@type":"ReadAction","target":["https:\/\/www.white-studio.ch\/de\/kontakte\/"]}]},{"@type":"BreadcrumbList","@id":"https:\/\/www.white-studio.ch\/de\/kontakte\/#breadcrumb","itemListElement":[{"@type":"ListItem","position":1,"name":"Home","item":"https:\/\/www.white-studio.ch\/de\/"},{"@type":"ListItem","position":2,"name":"Kontakte"}]},{"@type":"WebSite","@id":"https:\/\/www.white-studio.ch\/de\/#website","url":"https:\/\/www.white-studio.ch\/de\/","name":"WHITE STUDIO | Food Branding Strategy","description":"","potentialAction":[{"@type":"SearchAction","target":{"@type":"EntryPoint","urlTemplate":"https:\/\/www.white-studio.ch\/de\/?s={search_term_string}"},"query-input":"required name=search_term_string"}],"inLanguage":"de"}]}},"_links":{"self":[{"href":"https:\/\/www.white-studio.ch\/de\/wp-json\/wp\/v2\/pages\/24273"}],"collection":[{"href":"https:\/\/www.white-studio.ch\/de\/wp-json\/wp\/v2\/pages"}],"about":[{"href":"https:\/\/www.white-studio.ch\/de\/wp-json\/wp\/v2\/types\/page"}],"author":[{"embeddable":true,"href":"https:\/\/www.white-studio.ch\/de\/wp-json\/wp\/v2\/users\/1"}],"replies":[{"embeddable":true,"href":"https:\/\/www.white-studio.ch\/de\/wp-json\/wp\/v2\/comments?post=24273"}],"version-history":[{"count":2,"href":"https:\/\/www.white-studio.ch\/de\/wp-json\/wp\/v2\/pages\/24273\/revisions"}],"predecessor-version":[{"id":24277,"href":"https:\/\/www.white-studio.ch\/de\/wp-json\/wp\/v2\/pages\/24273\/revisions\/24277"}],"wp:attachment":[{"href":"https:\/\/www.white-studio.ch\/de\/wp-json\/wp\/v2\/media?parent=24273"}],"curies":[{"name":"wp","href":"https:\/\/api.w.org\/{rel}","templated":true}]}}