{"id":24270,"date":"2014-06-13T11:03:41","date_gmt":"2014-06-13T11:03:41","guid":{"rendered":"https:\/\/www.white-studio.ch\/home\/"},"modified":"2024-07-06T11:48:39","modified_gmt":"2024-07-06T11:48:39","slug":"home","status":"publish","type":"page","link":"https:\/\/www.white-studio.ch\/de\/","title":{"rendered":"Home"},"content":{"rendered":"<p>[vc_row row_type=&#8220;row&#8220; use_row_as_full_screen_section=&#8220;no&#8220; type=&#8220;full_width&#8220; text_align=&#8220;left&#8220; background_animation=&#8220;none&#8220; css_animation=&#8220;&#8220;][vc_column][rev_slider_vc alias=&#8220;sliderde&#8220;][\/vc_column][\/vc_row][vc_row row_type=&#8220;row&#8220; use_row_as_full_screen_section=&#8220;no&#8220; type=&#8220;full_width&#8220; text_align=&#8220;left&#8220; background_animation=&#8220;none&#8220; css_animation=&#8220;&#8220;][vc_column][vc_empty_space height=&#8220;52px&#8220;][vc_column_text]<\/p>\n<h3 class=\"p1\" style=\"text-align: center;\">White Studio ist eine Agentur, die sich auf <strong>Food Brand, Packaging Design sowie<\/strong><\/h3>\n<h3 class=\"p1\" style=\"text-align: center;\"><strong><span class=\"Apple-converted-space\">\u00a0<\/span>Vermarkt-Strategien<\/strong> via konventionelle und unkonventionelle Promotoren spezialisiert hat.<\/h3>\n<h3><\/h3>\n<p>&nbsp;<\/p>\n<h3 class=\"p1\" style=\"text-align: center;\">Auf Maas geschnittene Kommunikationskonzepte f\u00fcr kleine und mittlere Unternehmen welche im Lebensmittelbereich t\u00e4tig sind.<\/h3>\n<p>[\/vc_column_text][vc_empty_space height=&#8220;52px&#8220;][vc_separator type=&#8220;normal&#8220; color=&#8220;#727272&#8243; border_style=&#8220;solid&#8220; thickness=&#8220;5px&#8220; down=&#8220;40&#8243;][\/vc_column][\/vc_row][vc_row row_type=&#8220;row&#8220; use_row_as_full_screen_section=&#8220;no&#8220; type=&#8220;full_width&#8220; text_align=&#8220;left&#8220; background_animation=&#8220;none&#8220; css_animation=&#8220;&#8220;][vc_column width=&#8220;1\/2&#8243;][vc_single_image image=&#8220;24309&#8243; img_size=&#8220;full&#8220; alignment=&#8220;right&#8220; qode_css_animation=&#8220;&#8220;][\/vc_column][vc_column width=&#8220;1\/2&#8243;][vc_column_text]<strong>EINE SYNERGIE MIT\u00a0 HOHEM MEHRWERT<\/strong><\/p>\n<p>&nbsp;<\/p>\n<p class=\"p1\"><strong>Unsere Zusammenarbeit entsteht dank einer langj\u00e4hrigen und soliden Ansammlung beruflicher Erfahrungen und Fachkenntnissen im Bereich Food &amp; Beverage.<span class=\"Apple-converted-space\">\u00a0<\/span><\/strong><\/p>\n<p>&nbsp;<\/p>\n<p class=\"p1\">Giulia Di Bartolomeo, Markendesignerin und Strategin, und Barbara Pantani, Marketing- und Communications Advisor, haben sich vereint, um zum Bezugspunkt f\u00fcr diejenigen Kunden zu werden, die das Image ihrer Produkte verbessern und ihr Verkaufsf\u00f6rderungsstrategien optimieren m\u00f6chten.<span class=\"Apple-converted-space\">\u00a0<\/span><\/p>\n<p>&nbsp;<\/p>\n<p class=\"p3\">Eine Synergie mit hohem Mehrwert. Von italienischem Design im Lebensmittelbereich bis hin zu fundierten Kenntnissen des Schweizer Marktes \u00fcber einen einzigen Ansprechpartner.<span class=\"Apple-converted-space\">\u00a0<\/span><\/p>\n<p>[\/vc_column_text][\/vc_column][\/vc_row][vc_row row_type=&#8220;row&#8220; use_row_as_full_screen_section=&#8220;no&#8220; type=&#8220;full_width&#8220; text_align=&#8220;left&#8220; background_animation=&#8220;none&#8220; css_animation=&#8220;&#8220;][vc_column][vc_separator type=&#8220;normal&#8220; color=&#8220;#727272&#8243; border_style=&#8220;solid&#8220; thickness=&#8220;5px&#8220; up=&#8220;60&#8243; down=&#8220;40&#8243;][\/vc_column][\/vc_row][vc_row row_type=&#8220;row&#8220; use_row_as_full_screen_section=&#8220;no&#8220; type=&#8220;full_width&#8220; text_align=&#8220;left&#8220; background_animation=&#8220;none&#8220; css_animation=&#8220;&#8220;][vc_column width=&#8220;1\/3&#8243;][\/vc_column][vc_column width=&#8220;1\/3&#8243;]<a href=\"https:\/\/www.white-studio.it\/portfolio-white\/\" target=\"_self\" data-hover-background-color=#424242 data-hover-border-color=#ffffff  class=\"qbutton  medium\" style=\"color: #ffffff; border-color: #ffffff; font-weight: 700; font-size: 22px; background-color: #dd9933;\">VAI AL PORTFOLIO <\/a>[vc_empty_space height=&#8220;62px&#8220;][\/vc_column][vc_column width=&#8220;1\/3&#8243;][\/vc_column][\/vc_row][vc_row row_type=&#8220;row&#8220; use_row_as_full_screen_section=&#8220;no&#8220; type=&#8220;full_width&#8220; text_align=&#8220;left&#8220; background_color=&#8220;#ffffff&#8220; background_animation=&#8220;none&#8220; css_animation=&#8220;&#8220;][vc_column width=&#8220;1\/3&#8243;][vc_gallery interval=&#8220;3&#8243; images=&#8220;22244,22241,22147,21937,21646,21841&#8243; img_size=&#8220;full&#8220; onclick=&#8220;custom_link&#8220;][\/vc_column][vc_column width=&#8220;1\/3&#8243;][vc_gallery interval=&#8220;3&#8243; images=&#8220;21643,23699,23697&#8243; img_size=&#8220;full&#8220; onclick=&#8220;custom_link&#8220;][\/vc_column][vc_column width=&#8220;1\/3&#8243;][vc_gallery interval=&#8220;3&#8243; images=&#8220;24137,24135,24183&#8243; img_size=&#8220;full&#8220; onclick=&#8220;custom_link&#8220;][\/vc_column][\/vc_row][vc_row row_type=&#8220;row&#8220; use_row_as_full_screen_section=&#8220;no&#8220; type=&#8220;full_width&#8220; text_align=&#8220;left&#8220; background_animation=&#8220;none&#8220; css_animation=&#8220;&#8220;][vc_column][vc_empty_space height=&#8220;62px&#8220;][\/vc_column][\/vc_row]<\/p>\n","protected":false},"excerpt":{"rendered":"<p>[vc_row row_type=&#8220;row&#8220; use_row_as_full_screen_section=&#8220;no&#8220; type=&#8220;full_width&#8220; text_align=&#8220;left&#8220; background_animation=&#8220;none&#8220; css_animation=&#8220;&#8220;][vc_column][rev_slider_vc alias=&#8220;sliderde&#8220;][\/vc_column][\/vc_row][vc_row row_type=&#8220;row&#8220; use_row_as_full_screen_section=&#8220;no&#8220; type=&#8220;full_width&#8220; text_align=&#8220;left&#8220; background_animation=&#8220;none&#8220; css_animation=&#8220;&#8220;][vc_column][vc_empty_space height=&#8220;52px&#8220;][vc_column_text] White Studio ist eine Agentur, die sich auf Food Brand,&#8230;<\/p>\n","protected":false},"author":1,"featured_media":0,"parent":0,"menu_order":0,"comment_status":"open","ping_status":"open","template":"full_width.php","meta":{"footnotes":""},"yoast_head":"<!-- This site is optimized with the Yoast SEO plugin v22.6 - https:\/\/yoast.com\/wordpress\/plugins\/seo\/ -->\n<title>White Studio | Food Brand Design - Packaging Alimentare Milano<\/title>\n<meta name=\"description\" content=\"White Studio \u00e8 un&#039;agenzia specializzata in brand e packaging design per piccole e medie aziende che operano nel settore alimentare.\" \/>\n<meta name=\"robots\" content=\"index, follow, max-snippet:-1, max-image-preview:large, max-video-preview:-1\" \/>\n<link rel=\"canonical\" href=\"https:\/\/www.white-studio.ch\/de\/\" \/>\n<meta property=\"og:locale\" content=\"de_DE\" \/>\n<meta property=\"og:type\" content=\"article\" \/>\n<meta property=\"og:title\" content=\"White Studio | Food Brand Design - Packaging Alimentare Milano\" \/>\n<meta property=\"og:description\" content=\"White Studio \u00e8 un&#039;agenzia specializzata in brand e packaging design per piccole e medie aziende che operano nel settore alimentare.\" \/>\n<meta property=\"og:url\" content=\"https:\/\/www.white-studio.ch\/de\/\" \/>\n<meta property=\"og:site_name\" content=\"WHITE STUDIO | Food Branding Strategy\" \/>\n<meta property=\"article:modified_time\" content=\"2024-07-06T11:48:39+00:00\" \/>\n<meta name=\"twitter:card\" content=\"summary_large_image\" \/>\n<meta name=\"twitter:label1\" content=\"Gesch\u00e4tzte Lesezeit\" \/>\n\t<meta name=\"twitter:data1\" content=\"2\u00a0Minuten\" \/>\n<script type=\"application\/ld+json\" class=\"yoast-schema-graph\">{\"@context\":\"https:\/\/schema.org\",\"@graph\":[{\"@type\":\"WebPage\",\"@id\":\"https:\/\/www.white-studio.ch\/de\/\",\"url\":\"https:\/\/www.white-studio.ch\/de\/\",\"name\":\"White Studio | Food Brand Design - Packaging Alimentare Milano\",\"isPartOf\":{\"@id\":\"https:\/\/www.white-studio.ch\/de\/#website\"},\"datePublished\":\"2014-06-13T11:03:41+00:00\",\"dateModified\":\"2024-07-06T11:48:39+00:00\",\"description\":\"White Studio \u00e8 un'agenzia specializzata in brand e packaging design per piccole e medie aziende che operano nel settore alimentare.\",\"breadcrumb\":{\"@id\":\"https:\/\/www.white-studio.ch\/de\/#breadcrumb\"},\"inLanguage\":\"de\",\"potentialAction\":[{\"@type\":\"ReadAction\",\"target\":[\"https:\/\/www.white-studio.ch\/de\/\"]}]},{\"@type\":\"BreadcrumbList\",\"@id\":\"https:\/\/www.white-studio.ch\/de\/#breadcrumb\",\"itemListElement\":[{\"@type\":\"ListItem\",\"position\":1,\"name\":\"Home\",\"item\":\"https:\/\/www.white-studio.ch\/de\/\"},{\"@type\":\"ListItem\",\"position\":2,\"name\":\"Home\"}]},{\"@type\":\"WebSite\",\"@id\":\"https:\/\/www.white-studio.ch\/de\/#website\",\"url\":\"https:\/\/www.white-studio.ch\/de\/\",\"name\":\"WHITE STUDIO | Food Branding Strategy\",\"description\":\"\",\"potentialAction\":[{\"@type\":\"SearchAction\",\"target\":{\"@type\":\"EntryPoint\",\"urlTemplate\":\"https:\/\/www.white-studio.ch\/de\/?s={search_term_string}\"},\"query-input\":\"required name=search_term_string\"}],\"inLanguage\":\"de\"}]}<\/script>\n<!-- \/ Yoast SEO plugin. -->","yoast_head_json":{"title":"White Studio | Food Brand Design - Packaging Alimentare Milano","description":"White Studio \u00e8 un'agenzia specializzata in brand e packaging design per piccole e medie aziende che operano nel settore alimentare.","robots":{"index":"index","follow":"follow","max-snippet":"max-snippet:-1","max-image-preview":"max-image-preview:large","max-video-preview":"max-video-preview:-1"},"canonical":"https:\/\/www.white-studio.ch\/de\/","og_locale":"de_DE","og_type":"article","og_title":"White Studio | Food Brand Design - Packaging Alimentare Milano","og_description":"White Studio \u00e8 un'agenzia specializzata in brand e packaging design per piccole e medie aziende che operano nel settore alimentare.","og_url":"https:\/\/www.white-studio.ch\/de\/","og_site_name":"WHITE STUDIO | Food Branding Strategy","article_modified_time":"2024-07-06T11:48:39+00:00","twitter_card":"summary_large_image","twitter_misc":{"Gesch\u00e4tzte Lesezeit":"2\u00a0Minuten"},"schema":{"@context":"https:\/\/schema.org","@graph":[{"@type":"WebPage","@id":"https:\/\/www.white-studio.ch\/de\/","url":"https:\/\/www.white-studio.ch\/de\/","name":"White Studio | Food Brand Design - Packaging Alimentare Milano","isPartOf":{"@id":"https:\/\/www.white-studio.ch\/de\/#website"},"datePublished":"2014-06-13T11:03:41+00:00","dateModified":"2024-07-06T11:48:39+00:00","description":"White Studio \u00e8 un'agenzia specializzata in brand e packaging design per piccole e medie aziende che operano nel settore alimentare.","breadcrumb":{"@id":"https:\/\/www.white-studio.ch\/de\/#breadcrumb"},"inLanguage":"de","potentialAction":[{"@type":"ReadAction","target":["https:\/\/www.white-studio.ch\/de\/"]}]},{"@type":"BreadcrumbList","@id":"https:\/\/www.white-studio.ch\/de\/#breadcrumb","itemListElement":[{"@type":"ListItem","position":1,"name":"Home","item":"https:\/\/www.white-studio.ch\/de\/"},{"@type":"ListItem","position":2,"name":"Home"}]},{"@type":"WebSite","@id":"https:\/\/www.white-studio.ch\/de\/#website","url":"https:\/\/www.white-studio.ch\/de\/","name":"WHITE STUDIO | Food Branding Strategy","description":"","potentialAction":[{"@type":"SearchAction","target":{"@type":"EntryPoint","urlTemplate":"https:\/\/www.white-studio.ch\/de\/?s={search_term_string}"},"query-input":"required name=search_term_string"}],"inLanguage":"de"}]}},"_links":{"self":[{"href":"https:\/\/www.white-studio.ch\/de\/wp-json\/wp\/v2\/pages\/24270"}],"collection":[{"href":"https:\/\/www.white-studio.ch\/de\/wp-json\/wp\/v2\/pages"}],"about":[{"href":"https:\/\/www.white-studio.ch\/de\/wp-json\/wp\/v2\/types\/page"}],"author":[{"embeddable":true,"href":"https:\/\/www.white-studio.ch\/de\/wp-json\/wp\/v2\/users\/1"}],"replies":[{"embeddable":true,"href":"https:\/\/www.white-studio.ch\/de\/wp-json\/wp\/v2\/comments?post=24270"}],"version-history":[{"count":16,"href":"https:\/\/www.white-studio.ch\/de\/wp-json\/wp\/v2\/pages\/24270\/revisions"}],"predecessor-version":[{"id":24365,"href":"https:\/\/www.white-studio.ch\/de\/wp-json\/wp\/v2\/pages\/24270\/revisions\/24365"}],"wp:attachment":[{"href":"https:\/\/www.white-studio.ch\/de\/wp-json\/wp\/v2\/media?parent=24270"}],"curies":[{"name":"wp","href":"https:\/\/api.w.org\/{rel}","templated":true}]}}