{"id":24220,"date":"2014-07-07T14:26:05","date_gmt":"2014-07-07T14:26:05","guid":{"rendered":"https:\/\/www.white-studio.ch\/servizi-brand-packaging-design\/"},"modified":"2024-07-02T10:33:48","modified_gmt":"2024-07-02T10:33:48","slug":"servizi-brand-packaging-design","status":"publish","type":"page","link":"https:\/\/www.white-studio.ch\/de\/servizi-brand-packaging-design\/","title":{"rendered":"Dienstleistungen"},"content":{"rendered":"<p>[vc_row row_type=&#8220;row&#8220; use_row_as_full_screen_section=&#8220;no&#8220; type=&#8220;full_width&#8220; text_align=&#8220;left&#8220; background_animation=&#8220;none&#8220; css_animation=&#8220;&#8220;][vc_column][vc_column_text]<\/p>\n<h2 class=\"p1\" style=\"text-align: center;\">Kreativit\u00e4t und strategische Beratung<\/h2>\n<h2 style=\"text-align: center;\"><em>EMPOWERMENT<\/em> for your BUSINESS<\/h2>\n<p>&nbsp;<\/p>\n<p>&nbsp;<\/p>\n<p class=\"p1\"><b>Konkurrenz- und Marktanalyse<span class=\"Apple-converted-space\">\u00a0<\/span><\/b><\/p>\n<p class=\"p1\">Wir gehen direkt in die POS und sammeln Informationen bez\u00fcglich Gewohnheiten der Konsumenten und Bed\u00fcrfnissen. Wir untersuchen und analysieren Wettbewerbsprodukte in Bezug auf Qualit\u00e4t und Positionierung.<\/p>\n<p>&nbsp;<\/p>\n<p class=\"p1\"><b>Marketing-Beratung<\/b><\/p>\n<p class=\"p1\">Wir entwickeln Marketingstrategien und erstellen einen entsprechender Marketingplan. Erarbeiten <strong>\u201eChange &amp; Transformation Strategien\u201c<\/strong> f\u00fcr neue Marktbed\u00fcrfnisse und revitalisieren bestehende Produkte mit Cash Cow Potenzial.<\/p>\n<p>&nbsp;<\/p>\n<p class=\"p1\"><b>Produkte Lancierung<\/b><\/p>\n<p class=\"p1\">Wir erstellen einen Ideenkatalog f\u00fcr die Lancierung neuer Produkte. Wir brainstormen Namen f\u00fcr Marken und Produkte, die in den verschiedenen Sprachen auf internationaler Ebene die richtige Wahrnehmung bieten.<\/p>\n<p class=\"p1\">Below the line, Through the line und Above the line.<\/p>\n<p>&nbsp;<\/p>\n<p class=\"p1\">Unser Ziel ist es, eine Basis an Empathie gegen\u00fcber den Produkten erschaffen und einen positiven und langfristigen Kaufverhalten zu erreichen.<\/p>\n<p class=\"p1\">Wir revitalisieren bestehende Produkte mit Cash Cow Potenzial und geben diesen Produkten eine Neupositionierung.<\/p>\n<p>[\/vc_column_text][\/vc_column][\/vc_row][vc_row row_type=&#8220;row&#8220; use_row_as_full_screen_section=&#8220;no&#8220; type=&#8220;grid&#8220; text_align=&#8220;left&#8220; background_color=&#8220;#ffffff&#8220; background_animation=&#8220;none&#8220; padding_top=&#8220;61&#8243; padding_bottom=&#8220;60&#8243; css_animation=&#8220;&#8220;][vc_column width=&#8220;1\/3&#8243;][vc_single_image image=&#8220;22658&#8243; img_size=&#8220;full&#8220; qode_css_animation=&#8220;&#8220;][vc_separator type=&#8220;transparent&#8220; border_style=&#8220;&#8220; thickness=&#8220;1&#8243; up=&#8220;15&#8243; down=&#8220;0&#8243;][vc_separator type=&#8220;transparent&#8220; border_style=&#8220;&#8220; thickness=&#8220;1&#8243; up=&#8220;15&#8243; down=&#8220;0&#8243;][vc_column_text]<\/p>\n<h3><strong>FOOD BRAND STRATEGY<\/strong><\/h3>\n<p>[\/vc_column_text][vc_separator type=&#8220;transparent&#8220; border_style=&#8220;&#8220; thickness=&#8220;1&#8243; up=&#8220;15&#8243; down=&#8220;0&#8243;][vc_column_text]<\/p>\n<p class=\"p1\"><b>Mit einem klar definierten Brand<\/b>, aufgebaut durch einen strategischen und kreativen Denkprozess, kann man das bevorzugte Target zielorientiert ansprechen.<span class=\"Apple-converted-space\">\u00a0<\/span><\/p>\n<p>[\/vc_column_text][\/vc_column][vc_column width=&#8220;1\/3&#8243;][vc_single_image image=&#8220;22675&#8243; img_size=&#8220;full&#8220; qode_css_animation=&#8220;&#8220;][vc_separator type=&#8220;transparent&#8220; border_style=&#8220;&#8220; thickness=&#8220;1&#8243; up=&#8220;15&#8243; down=&#8220;0&#8243;][vc_separator type=&#8220;transparent&#8220; border_style=&#8220;&#8220; thickness=&#8220;1&#8243; up=&#8220;7&#8243; down=&#8220;0&#8243;][vc_column_text]<\/p>\n<h3><strong>BRAND DESIGN<\/strong><\/h3>\n<p>[\/vc_column_text][vc_separator type=&#8220;transparent&#8220; border_style=&#8220;&#8220; thickness=&#8220;1&#8243; up=&#8220;20&#8243; down=&#8220;0&#8243;][vc_column_text]<\/p>\n<p class=\"p1\">Wir entwickeln Brand Identity (Farbpalette, Font, Logo und Icons) um die gew\u00fcnschte Wahrnehmung zu erzielen.<\/p>\n<p>[\/vc_column_text][vc_separator type=&#8220;transparent&#8220; border_style=&#8220;&#8220; up=&#8220;40&#8243; down=&#8220;0&#8243;][\/vc_column][vc_column width=&#8220;1\/3&#8243;][vc_single_image image=&#8220;22679&#8243; img_size=&#8220;full&#8220; qode_css_animation=&#8220;&#8220;][vc_separator type=&#8220;transparent&#8220; border_style=&#8220;&#8220; thickness=&#8220;1&#8243; up=&#8220;15&#8243; down=&#8220;0&#8243;][vc_separator type=&#8220;transparent&#8220; border_style=&#8220;&#8220; thickness=&#8220;1&#8243; up=&#8220;7&#8243; down=&#8220;0&#8243;][vc_column_text]<\/p>\n<h3><b>KREATIVE ENTWICKLUNG VON VERPACKUNGEN<\/b><\/h3>\n<p>[\/vc_column_text][vc_separator type=&#8220;transparent&#8220; border_style=&#8220;&#8220; thickness=&#8220;1&#8243; up=&#8220;20&#8243; down=&#8220;0&#8243;][vc_column_text]<\/p>\n<p class=\"p1\"><b>Das Packaging Design<\/b> spielt die wichtigste Rolle f\u00fcr das Kommunizieren der Produkte Informationen sowie als strategisches Instrument um sich auf dem <b>Markt zu positionieren.<\/b><span class=\"Apple-converted-space\">\u00a0<\/span><\/p>\n<p class=\"p1\">Wir entwickeln attraktive Food und Packaging Visuals mit welchen Sie sich von Ihren Mitbewerbern abheben und Ihre Zielgruppe erreichen.<\/p>\n<p>[\/vc_column_text][vc_separator type=&#8220;transparent&#8220; border_style=&#8220;&#8220; up=&#8220;40&#8243; down=&#8220;0&#8243;][\/vc_column][\/vc_row][vc_row row_type=&#8220;row&#8220; use_row_as_full_screen_section=&#8220;no&#8220; type=&#8220;grid&#8220; text_align=&#8220;left&#8220; background_color=&#8220;#ffffff&#8220; background_animation=&#8220;none&#8220; padding_top=&#8220;61&#8243; padding_bottom=&#8220;60&#8243; css_animation=&#8220;&#8220;][vc_column width=&#8220;1\/3&#8243;][vc_single_image image=&#8220;22678&#8243; img_size=&#8220;full&#8220; qode_css_animation=&#8220;&#8220;][vc_separator type=&#8220;transparent&#8220; border_style=&#8220;&#8220; thickness=&#8220;1&#8243; up=&#8220;15&#8243; down=&#8220;0&#8243;][vc_separator type=&#8220;transparent&#8220; border_style=&#8220;&#8220; thickness=&#8220;1&#8243; up=&#8220;7&#8243; down=&#8220;0&#8243;][vc_column_text]<\/p>\n<h3><strong>FOOD MOCK UPS\u00a0<\/strong><\/h3>\n<p>[\/vc_column_text][vc_separator type=&#8220;transparent&#8220; border_style=&#8220;&#8220; thickness=&#8220;1&#8243; up=&#8220;20&#8243; down=&#8220;0&#8243;][vc_column_text]<\/p>\n<p class=\"p1\"><b>Wir machen Ihr Produkt* schmackhaft<\/b>, indem wir realistische <b>Food-Mock-Ups<\/b> erstellen, und dazu echte Zutaten verwenden.<\/p>\n<p class=\"p1\">*Zum Beispiel: Schokoladenpralinen \u2013 Aufstriche \u2013 Snacks \u2013 Croissants \u2013 Eis \u2013 Pasta &#8211; Backwaren etc.<\/p>\n<p>[\/vc_column_text][vc_separator type=&#8220;transparent&#8220; border_style=&#8220;&#8220; up=&#8220;40&#8243; down=&#8220;0&#8243;][\/vc_column][vc_column width=&#8220;1\/3&#8243;][vc_single_image image=&#8220;22677&#8243; img_size=&#8220;full&#8220; qode_css_animation=&#8220;&#8220;][vc_separator type=&#8220;transparent&#8220; border_style=&#8220;&#8220; thickness=&#8220;1&#8243; up=&#8220;15&#8243; down=&#8220;0&#8243;][vc_separator type=&#8220;transparent&#8220; border_style=&#8220;&#8220; thickness=&#8220;1&#8243; up=&#8220;15&#8243; down=&#8220;0&#8243;][vc_column_text]<\/p>\n<h3><strong>FOOD PHOTOGRAPHY<\/strong><\/h3>\n<p>[\/vc_column_text][vc_separator type=&#8220;transparent&#8220; border_style=&#8220;&#8220; thickness=&#8220;1&#8243; up=&#8220;15&#8243; down=&#8220;0&#8243;][vc_column_text]<\/p>\n<p class=\"p1\"><b><a href=\"https:\/\/www.white-studio.ch\/de\/food-photography\/\">Professionelle Fotoshootings spezialisiert<\/a> im Food-Bereich.<\/b><\/p>\n<p class=\"p1\"><b>Postproduktion und Workstations<\/b> mit hochmoderner Ausstattung, welche f\u00fcr den Offsetdruck kalibriert und zertifiziert sind.<span class=\"Apple-converted-space\">\u00a0<\/span><\/p>\n<p class=\"p1\"><b>Food-Stylist &amp; Home Economist<\/b>.<\/p>\n<p class=\"p1\"><b>Props Room<\/b> f\u00fcr beliebige Szenografien.<span class=\"Apple-converted-space\">\u00a0<\/span><\/p>\n<p>[\/vc_column_text][\/vc_column][vc_column width=&#8220;1\/3&#8243;][vc_single_image image=&#8220;22676&#8243; img_size=&#8220;full&#8220; qode_css_animation=&#8220;&#8220;][vc_separator type=&#8220;transparent&#8220; border_style=&#8220;&#8220; thickness=&#8220;1&#8243; up=&#8220;15&#8243; down=&#8220;0&#8243;][vc_separator type=&#8220;transparent&#8220; border_style=&#8220;&#8220; thickness=&#8220;1&#8243; up=&#8220;15&#8243; down=&#8220;0&#8243;][vc_column_text]<\/p>\n<h3><strong>FOOD LAB\u00a0 &amp;\u00a0FOOD STYLING<\/strong><\/h3>\n<p>[\/vc_column_text][vc_separator type=&#8220;transparent&#8220; border_style=&#8220;&#8220; thickness=&#8220;1&#8243; up=&#8220;15&#8243; down=&#8220;0&#8243;][vc_column_text]<\/p>\n<p class=\"p1\"><b>In unserem Food Lab Studio sind jegliche Art von Haushaltsger\u00e4ten vorhanden<\/b> f\u00fcr die Vorbereitung der gew\u00fcnschten Produkte bis hin zum<b> Fotoshooting<\/b> und erstellen deren <b>Mock-Ups.<\/b><\/p>\n<p>[\/vc_column_text][\/vc_column][\/vc_row][vc_row row_type=&#8220;row&#8220; use_row_as_full_screen_section=&#8220;no&#8220; type=&#8220;grid&#8220; text_align=&#8220;left&#8220; background_animation=&#8220;none&#8220; css_animation=&#8220;&#8220;][vc_column][vc_separator type=&#8220;normal&#8220; border_style=&#8220;&#8220;][\/vc_column][\/vc_row]<\/p>\n","protected":false},"excerpt":{"rendered":"<p>[vc_row row_type=&#8220;row&#8220; use_row_as_full_screen_section=&#8220;no&#8220; type=&#8220;full_width&#8220; text_align=&#8220;left&#8220; background_animation=&#8220;none&#8220; css_animation=&#8220;&#8220;][vc_column][vc_column_text] Kreativit\u00e4t und strategische Beratung EMPOWERMENT for your BUSINESS &nbsp; &nbsp; Konkurrenz- und Marktanalyse\u00a0 Wir gehen direkt in die&#8230;<\/p>\n","protected":false},"author":1,"featured_media":0,"parent":0,"menu_order":0,"comment_status":"open","ping_status":"open","template":"full_width.php","meta":{"footnotes":""},"yoast_head":"<!-- This site is optimized with the Yoast SEO plugin v22.6 - https:\/\/yoast.com\/wordpress\/plugins\/seo\/ -->\n<title>PACKAGING DESIGN PER AZIENDE ALIMENTARI<\/title>\n<meta name=\"description\" content=\"Il packaging design riveste il ruolo pi\u00f9 importante nell\u2019identit\u00e0 del prodotto e rappresenta uno strumento strategico di affermazione sul mercato. Creiamo visual e packaging alimentari attrattivi, in grado di differenziarvi dai competitors e di attrarre il vostro consumatore-target.\" \/>\n<meta name=\"robots\" content=\"index, follow, max-snippet:-1, max-image-preview:large, max-video-preview:-1\" \/>\n<link rel=\"canonical\" href=\"https:\/\/www.white-studio.ch\/de\/servizi-brand-packaging-design\/\" \/>\n<meta property=\"og:locale\" content=\"de_DE\" \/>\n<meta property=\"og:type\" content=\"article\" \/>\n<meta property=\"og:title\" content=\"PACKAGING DESIGN PER AZIENDE ALIMENTARI\" \/>\n<meta property=\"og:description\" content=\"Il packaging design riveste il ruolo pi\u00f9 importante nell\u2019identit\u00e0 del prodotto e rappresenta uno strumento strategico di affermazione sul mercato. Creiamo visual e packaging alimentari attrattivi, in grado di differenziarvi dai competitors e di attrarre il vostro consumatore-target.\" \/>\n<meta property=\"og:url\" content=\"https:\/\/www.white-studio.ch\/de\/servizi-brand-packaging-design\/\" \/>\n<meta property=\"og:site_name\" content=\"WHITE STUDIO | Food Branding Strategy\" \/>\n<meta property=\"article:modified_time\" content=\"2024-07-02T10:33:48+00:00\" \/>\n<meta name=\"twitter:card\" content=\"summary_large_image\" \/>\n<meta name=\"twitter:label1\" content=\"Gesch\u00e4tzte Lesezeit\" \/>\n\t<meta name=\"twitter:data1\" content=\"3\u00a0Minuten\" \/>\n<script type=\"application\/ld+json\" class=\"yoast-schema-graph\">{\"@context\":\"https:\/\/schema.org\",\"@graph\":[{\"@type\":\"WebPage\",\"@id\":\"https:\/\/www.white-studio.ch\/de\/servizi-brand-packaging-design\/\",\"url\":\"https:\/\/www.white-studio.ch\/de\/servizi-brand-packaging-design\/\",\"name\":\"PACKAGING DESIGN PER AZIENDE ALIMENTARI\",\"isPartOf\":{\"@id\":\"https:\/\/www.white-studio.ch\/de\/#website\"},\"datePublished\":\"2014-07-07T14:26:05+00:00\",\"dateModified\":\"2024-07-02T10:33:48+00:00\",\"description\":\"Il packaging design riveste il ruolo pi\u00f9 importante nell\u2019identit\u00e0 del prodotto e rappresenta uno strumento strategico di affermazione sul mercato. Creiamo visual e packaging alimentari attrattivi, in grado di differenziarvi dai competitors e di attrarre il vostro consumatore-target.\",\"breadcrumb\":{\"@id\":\"https:\/\/www.white-studio.ch\/de\/servizi-brand-packaging-design\/#breadcrumb\"},\"inLanguage\":\"de\",\"potentialAction\":[{\"@type\":\"ReadAction\",\"target\":[\"https:\/\/www.white-studio.ch\/de\/servizi-brand-packaging-design\/\"]}]},{\"@type\":\"BreadcrumbList\",\"@id\":\"https:\/\/www.white-studio.ch\/de\/servizi-brand-packaging-design\/#breadcrumb\",\"itemListElement\":[{\"@type\":\"ListItem\",\"position\":1,\"name\":\"Home\",\"item\":\"https:\/\/www.white-studio.ch\/de\/\"},{\"@type\":\"ListItem\",\"position\":2,\"name\":\"Dienstleistungen\"}]},{\"@type\":\"WebSite\",\"@id\":\"https:\/\/www.white-studio.ch\/de\/#website\",\"url\":\"https:\/\/www.white-studio.ch\/de\/\",\"name\":\"WHITE STUDIO | Food Branding Strategy\",\"description\":\"\",\"potentialAction\":[{\"@type\":\"SearchAction\",\"target\":{\"@type\":\"EntryPoint\",\"urlTemplate\":\"https:\/\/www.white-studio.ch\/de\/?s={search_term_string}\"},\"query-input\":\"required name=search_term_string\"}],\"inLanguage\":\"de\"}]}<\/script>\n<!-- \/ Yoast SEO plugin. -->","yoast_head_json":{"title":"PACKAGING DESIGN PER AZIENDE ALIMENTARI","description":"Il packaging design riveste il ruolo pi\u00f9 importante nell\u2019identit\u00e0 del prodotto e rappresenta uno strumento strategico di affermazione sul mercato. Creiamo visual e packaging alimentari attrattivi, in grado di differenziarvi dai competitors e di attrarre il vostro consumatore-target.","robots":{"index":"index","follow":"follow","max-snippet":"max-snippet:-1","max-image-preview":"max-image-preview:large","max-video-preview":"max-video-preview:-1"},"canonical":"https:\/\/www.white-studio.ch\/de\/servizi-brand-packaging-design\/","og_locale":"de_DE","og_type":"article","og_title":"PACKAGING DESIGN PER AZIENDE ALIMENTARI","og_description":"Il packaging design riveste il ruolo pi\u00f9 importante nell\u2019identit\u00e0 del prodotto e rappresenta uno strumento strategico di affermazione sul mercato. Creiamo visual e packaging alimentari attrattivi, in grado di differenziarvi dai competitors e di attrarre il vostro consumatore-target.","og_url":"https:\/\/www.white-studio.ch\/de\/servizi-brand-packaging-design\/","og_site_name":"WHITE STUDIO | Food Branding Strategy","article_modified_time":"2024-07-02T10:33:48+00:00","twitter_card":"summary_large_image","twitter_misc":{"Gesch\u00e4tzte Lesezeit":"3\u00a0Minuten"},"schema":{"@context":"https:\/\/schema.org","@graph":[{"@type":"WebPage","@id":"https:\/\/www.white-studio.ch\/de\/servizi-brand-packaging-design\/","url":"https:\/\/www.white-studio.ch\/de\/servizi-brand-packaging-design\/","name":"PACKAGING DESIGN PER AZIENDE ALIMENTARI","isPartOf":{"@id":"https:\/\/www.white-studio.ch\/de\/#website"},"datePublished":"2014-07-07T14:26:05+00:00","dateModified":"2024-07-02T10:33:48+00:00","description":"Il packaging design riveste il ruolo pi\u00f9 importante nell\u2019identit\u00e0 del prodotto e rappresenta uno strumento strategico di affermazione sul mercato. Creiamo visual e packaging alimentari attrattivi, in grado di differenziarvi dai competitors e di attrarre il vostro consumatore-target.","breadcrumb":{"@id":"https:\/\/www.white-studio.ch\/de\/servizi-brand-packaging-design\/#breadcrumb"},"inLanguage":"de","potentialAction":[{"@type":"ReadAction","target":["https:\/\/www.white-studio.ch\/de\/servizi-brand-packaging-design\/"]}]},{"@type":"BreadcrumbList","@id":"https:\/\/www.white-studio.ch\/de\/servizi-brand-packaging-design\/#breadcrumb","itemListElement":[{"@type":"ListItem","position":1,"name":"Home","item":"https:\/\/www.white-studio.ch\/de\/"},{"@type":"ListItem","position":2,"name":"Dienstleistungen"}]},{"@type":"WebSite","@id":"https:\/\/www.white-studio.ch\/de\/#website","url":"https:\/\/www.white-studio.ch\/de\/","name":"WHITE STUDIO | Food Branding Strategy","description":"","potentialAction":[{"@type":"SearchAction","target":{"@type":"EntryPoint","urlTemplate":"https:\/\/www.white-studio.ch\/de\/?s={search_term_string}"},"query-input":"required name=search_term_string"}],"inLanguage":"de"}]}},"_links":{"self":[{"href":"https:\/\/www.white-studio.ch\/de\/wp-json\/wp\/v2\/pages\/24220"}],"collection":[{"href":"https:\/\/www.white-studio.ch\/de\/wp-json\/wp\/v2\/pages"}],"about":[{"href":"https:\/\/www.white-studio.ch\/de\/wp-json\/wp\/v2\/types\/page"}],"author":[{"embeddable":true,"href":"https:\/\/www.white-studio.ch\/de\/wp-json\/wp\/v2\/users\/1"}],"replies":[{"embeddable":true,"href":"https:\/\/www.white-studio.ch\/de\/wp-json\/wp\/v2\/comments?post=24220"}],"version-history":[{"count":23,"href":"https:\/\/www.white-studio.ch\/de\/wp-json\/wp\/v2\/pages\/24220\/revisions"}],"predecessor-version":[{"id":24356,"href":"https:\/\/www.white-studio.ch\/de\/wp-json\/wp\/v2\/pages\/24220\/revisions\/24356"}],"wp:attachment":[{"href":"https:\/\/www.white-studio.ch\/de\/wp-json\/wp\/v2\/media?parent=24220"}],"curies":[{"name":"wp","href":"https:\/\/api.w.org\/{rel}","templated":true}]}}