{"id":24200,"date":"2014-06-02T09:22:38","date_gmt":"2014-06-02T09:22:38","guid":{"rendered":"https:\/\/www.white-studio.ch\/giulia_di_bartolomeo\/"},"modified":"2024-09-23T08:49:49","modified_gmt":"2024-09-23T08:49:49","slug":"giulia_di_bartolomeo_barbara_pantani","status":"publish","type":"page","link":"https:\/\/www.white-studio.ch\/de\/giulia_di_bartolomeo_barbara_pantani\/","title":{"rendered":"About"},"content":{"rendered":"<p>[vc_row row_type=&#8220;row&#8220; use_row_as_full_screen_section=&#8220;no&#8220; type=&#8220;full_width&#8220; text_align=&#8220;left&#8220; background_animation=&#8220;none&#8220; css_animation=&#8220;&#8220;][vc_column width=&#8220;1\/4&#8243;][vc_single_image image=&#8220;24296&#8243; img_size=&#8220;medium&#8220; alignment=&#8220;right&#8220; qode_css_animation=&#8220;&#8220;][vc_column_text]<\/p>\n<h5><a href=\"https:\/\/www.linkedin.com\/in\/giulia-di-bartolomeo-1a45a863\/\"><img loading=\"lazy\" decoding=\"async\" class=\"wp-image-22654 alignright\" src=\"https:\/\/www.white-studio.it\/wp-content\/uploads\/2023\/06\/Schermata-2023-06-27-alle-10.32.06.png\" alt=\"\" width=\"25\" height=\"25\" \/><\/a><\/h5>\n<p>[\/vc_column_text][\/vc_column][vc_column width=&#8220;3\/4&#8243;][vc_column_text]<\/p>\n<h3 id=\"cont_titolo_1\"><strong>Giulia Di Bartolomeo<\/strong><\/h3>\n<h4><strong><em>Brand Designer &amp; Strategist<\/em><\/strong><\/h4>\n<p>&nbsp;<\/p>\n<div>\n<p class=\"p1\"><b>1999 gr\u00fcndete ich White Studio<\/b>, wo ich im Brandmanagement und Design f\u00fcr Unternehmen engagiert bin, die sich haupts\u00e4chlich im Bereich \u201eFOOD\u201c positionieren.<\/p>\n<p class=\"p1\">Nach meiner Ausbildung in Fotografie und visueller Kommunikation und einem Abschluss in Wirtschaftswissenschaften habe ich mich in der Entwicklung von Marketingstrategien zur Steigerung <b>des wirtschaftlichen und emotionalen Markenwertes<\/b> spezialisiert.<\/p>\n<p class=\"p1\"><b>Mit dem Fokus auf das<\/b> <b>Image und deren Marktpositionierung.<\/b><\/p>\n<p class=\"p1\">In meinem Portfolio finden Sie vollst\u00e4ndige Projekte hinsichtlich <b>Produktedesign von Lebensmittelverpackungen<\/b> sowie die <b>Neugestaltung<\/b> des Images italienischer Produkte und <b>Eigenmarken, <\/b>welche auf<b> <\/b>nationale sowie internationale M\u00e4rkte<b>, insbesondere nach Asien, exportiert <\/b>werden.<\/p>\n<p class=\"p1\">Parallel habe ich <b>solide Erfahrungen<\/b> im <b>Franchising-Sektor, <\/b>von der<b> Gestaltung der POS <\/b>und <b>Shop Fitting Design <\/b>bis zur<b> visuellen Produkte Pr\u00e4sentation <\/b>insbesondere<b> <\/b>in den Bereichen: Eiscreme, Schokolade, Pasta &amp; Pizza.<\/p>\n<p class=\"p1\">Ich biete Dienstleistungen mit ausgew\u00e4hlten Fachleuten an, um dem Kunden das Beste zu geben, als Team zu arbeiten, Empathie zu entwickeln, Werte zu teilen und Ziele mit Mut und Begeisterung zu erreichen.<\/p>\n<p>&nbsp;<\/p>\n<p>&#8212;&#8212;&#8212;&#8212;&#8212;<\/p>\n<\/div>\n<p class=\"p1\"><strong>Ausbildung<span class=\"Apple-converted-space\">\u00a0<\/span><\/strong><\/p>\n<p class=\"p1\"><strong>Universit\u00e4t G. Marconi (Italia) &#8211;\u00a0 <\/strong><strong>Hochschulabschluss in Wirtschaftswissenschaften\u00a0<\/strong><\/p>\n<p>Tesi in <strong>Strategia e politica aziendale<\/strong>: <em>\u201cLa Brand Equity come vantaggio competitivo in una strategia di differenziazione &#8211; Il caso di una private label italiana per la catena di prodotti biologici tedesca Alnatura\u201d<\/em><\/p>\n<p>&nbsp;<\/p>\n<p><strong>Accademia John Kaverdash &#8211;\u00a0 Milano<\/strong><\/p>\n<p class=\"p1\">Ausbildung in Fotografie und visuelle Kommunikation<\/p>\n<p>&nbsp;<\/p>\n<p class=\"p1\"><strong>Business School Marketing \u201e24 ORE\u201c<\/strong><\/p>\n<p class=\"p1\">Emotionen ausl\u00f6sen im POS<\/p>\n<p>[\/vc_column_text][vc_column_text][\/vc_column_text][\/vc_column][\/vc_row][vc_row row_type=&#8220;row&#8220; use_row_as_full_screen_section=&#8220;no&#8220; type=&#8220;grid&#8220; text_align=&#8220;left&#8220; background_animation=&#8220;none&#8220; css_animation=&#8220;&#8220;][vc_column][vc_separator type=&#8220;full_width&#8220; color=&#8220;#b7b7b7&#8243; border_style=&#8220;&#8220; thickness=&#8220;2&#8243; up=&#8220;40&#8243; down=&#8220;40&#8243;][\/vc_column][\/vc_row][vc_row row_type=&#8220;row&#8220; use_row_as_full_screen_section=&#8220;no&#8220; type=&#8220;full_width&#8220; text_align=&#8220;left&#8220; background_animation=&#8220;none&#8220; css_animation=&#8220;&#8220;][vc_column width=&#8220;1\/4&#8243;][vc_single_image image=&#8220;24342&#8243; img_size=&#8220;medium&#8220; alignment=&#8220;right&#8220; qode_css_animation=&#8220;&#8220;][vc_column_text]<\/p>\n<h5><a href=\"https:\/\/www.linkedin.com\/in\/barbara-noij-pantani-49996922\/\"><img loading=\"lazy\" decoding=\"async\" class=\"wp-image-22654 alignright\" src=\"https:\/\/www.white-studio.it\/wp-content\/uploads\/2023\/06\/Schermata-2023-06-27-alle-10.32.06.png\" alt=\"\" width=\"25\" height=\"25\" \/><\/a><\/h5>\n<p>[\/vc_column_text][\/vc_column][vc_column width=&#8220;3\/4&#8243;][vc_column_text]<\/p>\n<h3 id=\"cont_titolo_1\"><strong>Barbara Noij Pantani<\/strong><\/h3>\n<p class=\"p1\"><em><strong>Marketing &amp; Communication Advisor<\/strong><\/em><\/p>\n<p>&nbsp;<\/p>\n<div>\n<p class=\"p1\">Seit 2000 besch\u00e4ftige ich mich mit der <b>Entwicklung und Umsetzung von Marketing- und Kommunikationskonzepten<\/b> f\u00fcr unterschiedliche Produkte und Dienstleistungen.<\/p>\n<p class=\"p1\">Durch <b>das Analysieren des Marktgeschehens auf regionaler, nationaler und internationaler Ebene<\/b>, plane ich <b>professionelle<\/b> und <b>zielorientierte Marketingaktivit\u00e4ten<\/b> und setze diese selbst, oder falls erforderlich, in Zusammenarbeit<span class=\"Apple-converted-space\"> \u00a0<\/span>mit Spezialisten <b>gewinnbringend<\/b> um.<\/p>\n<p class=\"p1\">Sei es als <b>Verkaufsf\u00f6rderung Aktivit\u00e4ten f\u00fcr die Einf\u00fchrung von neuen Produkten<\/b> im klassischen sowie im modernen Profil sowie <b>das Neupositionieren von bestehenden Produkten<\/b>, von der <b>Verkaufsplanung<\/b> bis hin zur <b>Distribution<\/b>.<\/p>\n<p>&nbsp;<\/p>\n<p>&#8212;&#8212;&#8212;&#8212;&#8212;<\/p>\n<\/div>\n<p class=\"p1\"><strong>Ausbildung<span class=\"Apple-converted-space\">\u00a0<\/span><\/strong><\/p>\n<p class=\"p1\">Zwanzig Jahre Erfahrung im Marketing &amp; Verkauf<\/p>\n<p class=\"p1\">Marketingplaner mit eidg. Fachausweis<\/p>\n<p class=\"p1\">Wirtschaftsschule HMS\/WMS<\/p>\n<p>&nbsp;<\/p>\n<p class=\"p1\"><b>Sprachen<\/b><\/p>\n<p class=\"p1\">Zweisprachig D\/I<\/p>\n<p class=\"p1\">Englisch<\/p>\n<p class=\"p1\">Franz\u00f6sisch<\/p>\n<p>[\/vc_column_text][vc_column_text][\/vc_column_text][\/vc_column][\/vc_row][vc_row row_type=&#8220;row&#8220; use_row_as_full_screen_section=&#8220;no&#8220; type=&#8220;grid&#8220; text_align=&#8220;left&#8220; background_animation=&#8220;none&#8220; css_animation=&#8220;&#8220;][vc_column][vc_separator type=&#8220;transparent&#8220; border_style=&#8220;&#8220; thickness=&#8220;30&#8243;][vc_single_image image=&#8220;21740&#8243; img_size=&#8220;full&#8220; qode_css_animation=&#8220;&#8220;][vc_separator type=&#8220;transparent&#8220; border_style=&#8220;&#8220; down=&#8220;15&#8243;][\/vc_column][\/vc_row]<\/p>\n","protected":false},"excerpt":{"rendered":"<p>[vc_row row_type=&#8220;row&#8220; use_row_as_full_screen_section=&#8220;no&#8220; type=&#8220;full_width&#8220; text_align=&#8220;left&#8220; background_animation=&#8220;none&#8220; css_animation=&#8220;&#8220;][vc_column width=&#8220;1\/4&#8243;][vc_single_image image=&#8220;24296&#8243; img_size=&#8220;medium&#8220; alignment=&#8220;right&#8220; qode_css_animation=&#8220;&#8220;][vc_column_text] [\/vc_column_text][\/vc_column][vc_column width=&#8220;3\/4&#8243;][vc_column_text] Giulia Di Bartolomeo Brand Designer &amp; Strategist &nbsp; 1999 gr\u00fcndete ich&#8230;<\/p>\n","protected":false},"author":1,"featured_media":0,"parent":0,"menu_order":0,"comment_status":"open","ping_status":"open","template":"full_width.php","meta":{"footnotes":""},"yoast_head":"<!-- This site is optimized with the Yoast SEO plugin v22.6 - https:\/\/yoast.com\/wordpress\/plugins\/seo\/ -->\n<title>Food Brand strategy<\/title>\n<meta name=\"description\" content=\"Food brand strategy\" \/>\n<meta name=\"robots\" content=\"index, follow, max-snippet:-1, max-image-preview:large, max-video-preview:-1\" \/>\n<link rel=\"canonical\" href=\"https:\/\/www.white-studio.ch\/de\/giulia_di_bartolomeo_barbara_pantani\/\" \/>\n<meta property=\"og:locale\" content=\"de_DE\" \/>\n<meta property=\"og:type\" content=\"article\" \/>\n<meta property=\"og:title\" content=\"Food Brand strategy\" \/>\n<meta property=\"og:description\" content=\"Food brand strategy\" \/>\n<meta property=\"og:url\" content=\"https:\/\/www.white-studio.ch\/de\/giulia_di_bartolomeo_barbara_pantani\/\" \/>\n<meta property=\"og:site_name\" content=\"WHITE STUDIO | Food Branding Strategy\" \/>\n<meta property=\"article:modified_time\" content=\"2024-09-23T08:49:49+00:00\" \/>\n<meta property=\"og:image\" content=\"https:\/\/www.white-studio.it\/wp-content\/uploads\/2023\/06\/Schermata-2023-06-27-alle-10.32.06.png\" \/>\n<meta name=\"twitter:card\" content=\"summary_large_image\" \/>\n<meta name=\"twitter:label1\" content=\"Gesch\u00e4tzte Lesezeit\" \/>\n\t<meta name=\"twitter:data1\" content=\"3\u00a0Minuten\" \/>\n<script type=\"application\/ld+json\" class=\"yoast-schema-graph\">{\"@context\":\"https:\/\/schema.org\",\"@graph\":[{\"@type\":\"WebPage\",\"@id\":\"https:\/\/www.white-studio.ch\/de\/giulia_di_bartolomeo_barbara_pantani\/\",\"url\":\"https:\/\/www.white-studio.ch\/de\/giulia_di_bartolomeo_barbara_pantani\/\",\"name\":\"Food Brand strategy\",\"isPartOf\":{\"@id\":\"https:\/\/www.white-studio.ch\/de\/#website\"},\"primaryImageOfPage\":{\"@id\":\"https:\/\/www.white-studio.ch\/de\/giulia_di_bartolomeo_barbara_pantani\/#primaryimage\"},\"image\":{\"@id\":\"https:\/\/www.white-studio.ch\/de\/giulia_di_bartolomeo_barbara_pantani\/#primaryimage\"},\"thumbnailUrl\":\"https:\/\/www.white-studio.it\/wp-content\/uploads\/2023\/06\/Schermata-2023-06-27-alle-10.32.06.png\",\"datePublished\":\"2014-06-02T09:22:38+00:00\",\"dateModified\":\"2024-09-23T08:49:49+00:00\",\"description\":\"Food brand strategy\",\"breadcrumb\":{\"@id\":\"https:\/\/www.white-studio.ch\/de\/giulia_di_bartolomeo_barbara_pantani\/#breadcrumb\"},\"inLanguage\":\"de\",\"potentialAction\":[{\"@type\":\"ReadAction\",\"target\":[\"https:\/\/www.white-studio.ch\/de\/giulia_di_bartolomeo_barbara_pantani\/\"]}]},{\"@type\":\"ImageObject\",\"inLanguage\":\"de\",\"@id\":\"https:\/\/www.white-studio.ch\/de\/giulia_di_bartolomeo_barbara_pantani\/#primaryimage\",\"url\":\"https:\/\/www.white-studio.it\/wp-content\/uploads\/2023\/06\/Schermata-2023-06-27-alle-10.32.06.png\",\"contentUrl\":\"https:\/\/www.white-studio.it\/wp-content\/uploads\/2023\/06\/Schermata-2023-06-27-alle-10.32.06.png\"},{\"@type\":\"BreadcrumbList\",\"@id\":\"https:\/\/www.white-studio.ch\/de\/giulia_di_bartolomeo_barbara_pantani\/#breadcrumb\",\"itemListElement\":[{\"@type\":\"ListItem\",\"position\":1,\"name\":\"Home\",\"item\":\"https:\/\/www.white-studio.ch\/de\/\"},{\"@type\":\"ListItem\",\"position\":2,\"name\":\"About\"}]},{\"@type\":\"WebSite\",\"@id\":\"https:\/\/www.white-studio.ch\/de\/#website\",\"url\":\"https:\/\/www.white-studio.ch\/de\/\",\"name\":\"WHITE STUDIO | Food Branding Strategy\",\"description\":\"\",\"potentialAction\":[{\"@type\":\"SearchAction\",\"target\":{\"@type\":\"EntryPoint\",\"urlTemplate\":\"https:\/\/www.white-studio.ch\/de\/?s={search_term_string}\"},\"query-input\":\"required name=search_term_string\"}],\"inLanguage\":\"de\"}]}<\/script>\n<!-- \/ Yoast SEO plugin. -->","yoast_head_json":{"title":"Food Brand strategy","description":"Food brand strategy","robots":{"index":"index","follow":"follow","max-snippet":"max-snippet:-1","max-image-preview":"max-image-preview:large","max-video-preview":"max-video-preview:-1"},"canonical":"https:\/\/www.white-studio.ch\/de\/giulia_di_bartolomeo_barbara_pantani\/","og_locale":"de_DE","og_type":"article","og_title":"Food Brand strategy","og_description":"Food brand strategy","og_url":"https:\/\/www.white-studio.ch\/de\/giulia_di_bartolomeo_barbara_pantani\/","og_site_name":"WHITE STUDIO | Food Branding Strategy","article_modified_time":"2024-09-23T08:49:49+00:00","og_image":[{"url":"https:\/\/www.white-studio.it\/wp-content\/uploads\/2023\/06\/Schermata-2023-06-27-alle-10.32.06.png"}],"twitter_card":"summary_large_image","twitter_misc":{"Gesch\u00e4tzte Lesezeit":"3\u00a0Minuten"},"schema":{"@context":"https:\/\/schema.org","@graph":[{"@type":"WebPage","@id":"https:\/\/www.white-studio.ch\/de\/giulia_di_bartolomeo_barbara_pantani\/","url":"https:\/\/www.white-studio.ch\/de\/giulia_di_bartolomeo_barbara_pantani\/","name":"Food Brand strategy","isPartOf":{"@id":"https:\/\/www.white-studio.ch\/de\/#website"},"primaryImageOfPage":{"@id":"https:\/\/www.white-studio.ch\/de\/giulia_di_bartolomeo_barbara_pantani\/#primaryimage"},"image":{"@id":"https:\/\/www.white-studio.ch\/de\/giulia_di_bartolomeo_barbara_pantani\/#primaryimage"},"thumbnailUrl":"https:\/\/www.white-studio.it\/wp-content\/uploads\/2023\/06\/Schermata-2023-06-27-alle-10.32.06.png","datePublished":"2014-06-02T09:22:38+00:00","dateModified":"2024-09-23T08:49:49+00:00","description":"Food brand strategy","breadcrumb":{"@id":"https:\/\/www.white-studio.ch\/de\/giulia_di_bartolomeo_barbara_pantani\/#breadcrumb"},"inLanguage":"de","potentialAction":[{"@type":"ReadAction","target":["https:\/\/www.white-studio.ch\/de\/giulia_di_bartolomeo_barbara_pantani\/"]}]},{"@type":"ImageObject","inLanguage":"de","@id":"https:\/\/www.white-studio.ch\/de\/giulia_di_bartolomeo_barbara_pantani\/#primaryimage","url":"https:\/\/www.white-studio.it\/wp-content\/uploads\/2023\/06\/Schermata-2023-06-27-alle-10.32.06.png","contentUrl":"https:\/\/www.white-studio.it\/wp-content\/uploads\/2023\/06\/Schermata-2023-06-27-alle-10.32.06.png"},{"@type":"BreadcrumbList","@id":"https:\/\/www.white-studio.ch\/de\/giulia_di_bartolomeo_barbara_pantani\/#breadcrumb","itemListElement":[{"@type":"ListItem","position":1,"name":"Home","item":"https:\/\/www.white-studio.ch\/de\/"},{"@type":"ListItem","position":2,"name":"About"}]},{"@type":"WebSite","@id":"https:\/\/www.white-studio.ch\/de\/#website","url":"https:\/\/www.white-studio.ch\/de\/","name":"WHITE STUDIO | Food Branding Strategy","description":"","potentialAction":[{"@type":"SearchAction","target":{"@type":"EntryPoint","urlTemplate":"https:\/\/www.white-studio.ch\/de\/?s={search_term_string}"},"query-input":"required name=search_term_string"}],"inLanguage":"de"}]}},"_links":{"self":[{"href":"https:\/\/www.white-studio.ch\/de\/wp-json\/wp\/v2\/pages\/24200"}],"collection":[{"href":"https:\/\/www.white-studio.ch\/de\/wp-json\/wp\/v2\/pages"}],"about":[{"href":"https:\/\/www.white-studio.ch\/de\/wp-json\/wp\/v2\/types\/page"}],"author":[{"embeddable":true,"href":"https:\/\/www.white-studio.ch\/de\/wp-json\/wp\/v2\/users\/1"}],"replies":[{"embeddable":true,"href":"https:\/\/www.white-studio.ch\/de\/wp-json\/wp\/v2\/comments?post=24200"}],"version-history":[{"count":16,"href":"https:\/\/www.white-studio.ch\/de\/wp-json\/wp\/v2\/pages\/24200\/revisions"}],"predecessor-version":[{"id":24369,"href":"https:\/\/www.white-studio.ch\/de\/wp-json\/wp\/v2\/pages\/24200\/revisions\/24369"}],"wp:attachment":[{"href":"https:\/\/www.white-studio.ch\/de\/wp-json\/wp\/v2\/media?parent=24200"}],"curies":[{"name":"wp","href":"https:\/\/api.w.org\/{rel}","templated":true}]}}